{"id":1608,"date":"2009-04-02T19:59:08","date_gmt":"2009-04-02T18:59:08","guid":{"rendered":"http:\/\/www.zeitgeistlos.de\/zgblog\/?page_id=1608"},"modified":"2011-03-14T20:43:13","modified_gmt":"2011-03-14T19:43:13","slug":"kommentieren","status":"publish","type":"page","link":"https:\/\/www.zeitgeistlos.de\/zgblog\/kommentieren\/","title":{"rendered":"Kommentieren"},"content":{"rendered":"<p><img decoding=\"async\" class=\"size-full wp-image-1769\" title=\"\u00a9 Zela \/\/ www.sxc.hu\" src=\"https:\/\/www.zeitgeistlos.de\/zgblog\/wp-content\/uploads\/typing.jpg\" alt=\"Tippen\" width=\"450\" height=\"219\" srcset=\"https:\/\/www.zeitgeistlos.de\/zgblog\/wp-content\/uploads\/typing.jpg 450w, https:\/\/www.zeitgeistlos.de\/zgblog\/wp-content\/uploads\/typing-150x73.jpg 150w\" sizes=\"(max-width: 450px) 100vw, 450px\"><\/p>\n<p style=\"text-align: justify;\">Seid nicht scheu, wir freuen uns \u00fcber eure Kommentare! Ob es nun ein l\u00e4ngerer Text oder auch nur ein Einzeiler ist. Damit das auch so bleibt, w\u00fcrden wir uns freuen, wenn Ihr ein paar Dinge beachten w\u00fcrdet:<\/p>\n<p style=\"text-align: justify;\">Bedenkt, dass auch andere die Artikel und die Kommentare nicht nur aus Zeitvertreib lesen, sondern auch als Inspirationsquelle. Und so wie wir (das ZG-Team) uns M\u00fche geben, dass man uns gerne liest, solltet auch ihr, die Kommentatoren, darauf achten. So sollte der Schreibstil und \u2011ton angebracht sein.<\/p>\n<p style=\"text-align: justify;\">Geht auch Niemanden pers\u00f6nlich an. Auch wenn er nicht eurer Gesinnung entspricht, so hat seine Meinung eine Daseinsberechtigung. Besonders jemanden wegen ein paar Aussagen in eine Schublade zu stecken, sollte vermieden werden. Denken k\u00f6nnt ihr ja was ihr wollt, aber da die Hemmschwelle im Internet immer etwas geringer ist, lest euren Text noch einmal vor dem Abschicken durch. Da seht ihr dann, wo ihr vielleicht zu weit gegangen seid oder euch zu weit vom Thema entfernt habt. Denn in einem kleinen Kommentarfeld sollte man nicht versuchen die Welt zu erkl\u00e4ren. Wenn ihr unbedingt mal einen l\u00e4ngeren Text verfassen wollt, k\u00f6nnt ihr gerne auf uns zu kommen und gerne einen Gastbeitrag posten :)<\/p>\n<p style=\"text-align: justify;\">Noch ein paar letzte Hinweise: Bitte antwortet nicht auf euer eigenes Kommentar. Wir rei\u00dfen euch nicht den Kopf ab, wenn ihr noch was nachschiebt, aber lasst es nicht die Regel werden. Es sieht unsch\u00f6n aus und ist f\u00fcr andere Leser nicht besonders ansprechend (siehe Absatz dar\u00fcber). Und wundert euch nicht, wenn ihr mal erst moderiert werden m\u00fcsst, dann waren wahrscheinlich viele Links in eurem Beitrag, aber in der Regel schalten wir recht schnell frei.<\/p>\n<p><strong>Update Dezember 2010:<br>\n<\/strong><\/p>\n<p style=\"text-align: justify;\">Wenn ein Kommentar keinen Sinn ergibt, also stark auf einen <a title=\"wiki-link: Troll (Netzkultur)\" href=\"http:\/\/de.wikipedia.org\/wiki\/Troll_%28Netzkultur%29\">Troll<\/a> hindeutet oder mehr Ausdr\u00fccke und Beleidigungen als sonst irgendetwas beeinhaltet, wird es kommentarlos gel\u00f6scht. W\u00fcrde dadurch ein Kommentarverlauf zerst\u00f6rt werden, bearbeiten wir das Kommentar entsprechend, lassen es aber zum Verst\u00e4ndnis stehen. Aber bitte denkt daran: \u00bbDont feed the Troll\u00ab. Ignorieren hilft hier oft am besten.<\/p>\n<p style=\"text-align: justify;\">Solltet ihr gegen unsere und die allgemeinen Regeln der Kommunikation versto\u00dfen, versuchen wir euch darauf hinzuweisen. Sollte euch das egal sein und ihr \u00e4rgert uns weiter, dann landet ihr automatisch in der Moderationsschleife. Wir haben n\u00e4mliches wichtigeres zu tun, als die Schei\u00dfe von Trollen wegzuschippen (Ja, man darf Schei\u00dfe im angebrachten Kontext schreiben ;) ). Solltet ihr dann wieder mit Inhalt gef\u00fcllte Kommentare verfassen, schalten wir auch wieder frei. So einfach ist das. Manchmal...<\/p>\n<p style=\"text-align: justify;\">Ach ja, Kommentare die nur der Werbung dienen, also als Link eine unseri\u00f6se Seite angeben und so etwas schreiben wie: \u00bbDas ist ein toller Artikel, dar\u00fcber werde ich jetzt nachdenken\u00ab, fliegen in den Papierkorb, wenn sie nicht gefiltert werden.<\/p>\n","protected":false},"excerpt":{"rendered":"<p>Seid nicht scheu, wir freuen uns \u00fcber eure Kommentare! Ob es nun ein l\u00e4ngerer Text oder auch nur ein Einzeiler ist. Damit das auch so bleibt, w\u00fcrden wir uns freuen, wenn Ihr ein paar Dinge beachten w\u00fcrdet: Bedenkt, dass auch \u2026 <a href=\"https:\/\/www.zeitgeistlos.de\/zgblog\/kommentieren\/\">Weiterlesen <span class=\"meta-nav\">\u2192<\/span><\/a><\/p>\n","protected":false},"author":6,"featured_media":0,"parent":0,"menu_order":0,"comment_status":"closed","ping_status":"closed","template":"","meta":{"wp_typography_post_enhancements_disabled":false,"footnotes":""},"class_list":["post-1608","page","type-page","status-publish","hentry"],"_links":{"self":[{"href":"https:\/\/www.zeitgeistlos.de\/zgblog\/wp-json\/wp\/v2\/pages\/1608","targetHints":{"allow":["GET"]}}],"collection":[{"href":"https:\/\/www.zeitgeistlos.de\/zgblog\/wp-json\/wp\/v2\/pages"}],"about":[{"href":"https:\/\/www.zeitgeistlos.de\/zgblog\/wp-json\/wp\/v2\/types\/page"}],"author":[{"embeddable":true,"href":"https:\/\/www.zeitgeistlos.de\/zgblog\/wp-json\/wp\/v2\/users\/6"}],"replies":[{"embeddable":true,"href":"https:\/\/www.zeitgeistlos.de\/zgblog\/wp-json\/wp\/v2\/comments?post=1608"}],"version-history":[{"count":22,"href":"https:\/\/www.zeitgeistlos.de\/zgblog\/wp-json\/wp\/v2\/pages\/1608\/revisions"}],"predecessor-version":[{"id":8815,"href":"https:\/\/www.zeitgeistlos.de\/zgblog\/wp-json\/wp\/v2\/pages\/1608\/revisions\/8815"}],"wp:attachment":[{"href":"https:\/\/www.zeitgeistlos.de\/zgblog\/wp-json\/wp\/v2\/media?parent=1608"}],"curies":[{"name":"wp","href":"https:\/\/api.w.org\/{rel}","templated":true}]}}