{"id":15150,"date":"2013-06-30T18:16:40","date_gmt":"2013-06-30T16:16:40","guid":{"rendered":"http:\/\/www.zeitgeistlos.de\/zgblog\/?page_id=15150"},"modified":"2021-09-10T22:04:35","modified_gmt":"2021-09-10T20:04:35","slug":"edrw-reloaded","status":"publish","type":"page","link":"https:\/\/www.zeitgeistlos.de\/zgblog\/edrw-reloaded\/","title":{"rendered":"EdrW Reloaded"},"content":{"rendered":"<p style=\"text-align: justify;\"><a href=\"https:\/\/www.zeitgeistlos.de\/zgblog\/wp-content\/uploads\/EdrW_Cover-Ansicht.jpg\" rel=\"lightbox\"><img decoding=\"async\" class=\"aligncenter size-medium wp-image-15042\" title=\"EdrW Cover-Ansicht\" src=\"https:\/\/www.zeitgeistlos.de\/zgblog\/wp-content\/uploads\/EdrW_Cover-Ansicht-450x245.jpg\" alt width=\"450\" height=\"245\" srcset=\"https:\/\/www.zeitgeistlos.de\/zgblog\/wp-content\/uploads\/EdrW_Cover-Ansicht-450x245.jpg 450w, https:\/\/www.zeitgeistlos.de\/zgblog\/wp-content\/uploads\/EdrW_Cover-Ansicht-150x81.jpg 150w, https:\/\/www.zeitgeistlos.de\/zgblog\/wp-content\/uploads\/EdrW_Cover-Ansicht-500x272.jpg 500w, https:\/\/www.zeitgeistlos.de\/zgblog\/wp-content\/uploads\/EdrW_Cover-Ansicht.jpg 800w\" sizes=\"(max-width: 450px) 100vw, 450px\"><\/a><\/p>\n<p>Vor vielen, vielen Jahren als das ZG-Team noch aus 3\u20134 Mitgliedern bestand \u2011und wir in der Redaktion h\u00e4ufig angeregte Diskussionen f\u00fchrten- beschlossen wir eine \u00bbEnzyklop\u00e4die des relativen Wissens\u00ab anzufertigen. Schlie\u00dflich ist alles nur eine Frage der eigenen Perspektive sowie der individuellen Wertvorstellungen.<\/p>\n<p style=\"text-align: justify;\">Nat\u00fcrlich gibt es immer noch die online Version der <a title=\"EdrW - zeitgeistlos.de\" href=\"http:\/\/www.zeitgeistlos.de\/enzyklopaedie\/\" target=\"_blank\" rel=\"noopener noreferrer\">\u00bbEnzyklop\u00e4die des relativen Wissens\u00ab<\/a>. Hier findet Ihr die PDF-Version als Download, die wir zu unserem 10-j\u00e4hrigen Jubil\u00e4um erstellt haben.<\/p>\n<p style=\"text-align: justify;\"><strong>Enzyklop\u00e4die des relativen Wissens<\/strong>, 1. Auflage (Sommer-Edition)<\/p>\n<p style=\"text-align: justify;\"><a href=\"http:\/\/www.zeitgeistlos.de\/downloads\/Enzyklopaedie-des-relativen-Wissens-2013-Sommer-Edition_zeitgeistlos-de_M.pdf\" target=\"_blank\" rel=\"noopener noreferrer\">EdrW-PDF, Gr\u00f6\u00dfe M (7MB)<\/a><\/p>\n<p><a href=\"http:\/\/www.zeitgeistlos.de\/downloads\/Enzyklopaedie-des-relativen-Wissens-2013-Sommer-Edition_zeitgeistlos-de_S.pdf\" target=\"_blank\" rel=\"noopener noreferrer\">EdrW-PDF, Gr\u00f6\u00dfe S (4,5MB)<\/a><\/p>\n<p style=\"text-align: justify;\">Wir bedanken uns bei <em>risingson<\/em> f\u00fcr die vielen wunderbaren Bilder die er bereitgestellt hat, bei <em>moussa<\/em> f\u00fcr die hedonistische Ansicht und bei <em>bellabrigg<\/em> f\u00fcr die Korrekturen.<\/p>\n<p style=\"text-align: justify;\">Wir w\u00fcnschen euch viel Spa\u00df beim Lesen auf dem Reader eurer Wahl und freuen uns \u00fcber Kommentare.<\/p>\n<p>&nbsp;<\/p>\n","protected":false},"excerpt":{"rendered":"<p>Vor vielen, vielen Jahren als das ZG-Team noch aus 3\u20134 Mitgliedern bestand \u2011und wir in der Redaktion h\u00e4ufig angeregte Diskussionen f\u00fchrten- beschlossen wir eine \u00bbEnzyklop\u00e4die des relativen Wissens\u00ab anzufertigen. Schlie\u00dflich ist alles nur eine Frage der eigenen Perspektive sowie der \u2026 <a href=\"https:\/\/www.zeitgeistlos.de\/zgblog\/edrw-reloaded\/\">Weiterlesen <span class=\"meta-nav\">\u2192<\/span><\/a><\/p>\n","protected":false},"author":15,"featured_media":0,"parent":0,"menu_order":0,"comment_status":"open","ping_status":"closed","template":"","meta":{"wp_typography_post_enhancements_disabled":false,"footnotes":""},"class_list":["post-15150","page","type-page","status-publish","hentry"],"_links":{"self":[{"href":"https:\/\/www.zeitgeistlos.de\/zgblog\/wp-json\/wp\/v2\/pages\/15150","targetHints":{"allow":["GET"]}}],"collection":[{"href":"https:\/\/www.zeitgeistlos.de\/zgblog\/wp-json\/wp\/v2\/pages"}],"about":[{"href":"https:\/\/www.zeitgeistlos.de\/zgblog\/wp-json\/wp\/v2\/types\/page"}],"author":[{"embeddable":true,"href":"https:\/\/www.zeitgeistlos.de\/zgblog\/wp-json\/wp\/v2\/users\/15"}],"replies":[{"embeddable":true,"href":"https:\/\/www.zeitgeistlos.de\/zgblog\/wp-json\/wp\/v2\/comments?post=15150"}],"version-history":[{"count":16,"href":"https:\/\/www.zeitgeistlos.de\/zgblog\/wp-json\/wp\/v2\/pages\/15150\/revisions"}],"predecessor-version":[{"id":34563,"href":"https:\/\/www.zeitgeistlos.de\/zgblog\/wp-json\/wp\/v2\/pages\/15150\/revisions\/34563"}],"wp:attachment":[{"href":"https:\/\/www.zeitgeistlos.de\/zgblog\/wp-json\/wp\/v2\/media?parent=15150"}],"curies":[{"name":"wp","href":"https:\/\/api.w.org\/{rel}","templated":true}]}}